{"id":71,"date":"2020-01-27T08:15:05","date_gmt":"2020-01-27T06:15:05","guid":{"rendered":"https:\/\/demosites.io\/web-agency-gb\/?page_id=71"},"modified":"2025-12-05T12:58:11","modified_gmt":"2025-12-05T10:58:11","slug":"meist","status":"publish","type":"page","link":"https:\/\/uvguard.ee\/et\/meist\/","title":{"rendered":"Meist"},"content":{"rendered":"\n<div class=\"wp-block-cover alignfull\" style=\"min-height:702px;aspect-ratio:unset;\"><span aria-hidden=\"true\" class=\"wp-block-cover__background has-nv-dark-bg-background-color has-background-dim-100 has-background-dim\"><\/span><div class=\"wp-block-cover__inner-container is-layout-flow wp-block-cover-is-layout-flow\">\n<div style=\"height:100px\" aria-hidden=\"true\" class=\"wp-block-spacer\"><\/div>\n\n\n\n<div class=\"wp-block-columns is-layout-flex wp-container-core-columns-is-layout-9d6595d7 wp-block-columns-is-layout-flex\">\n<div class=\"wp-block-column is-layout-flow wp-block-column-is-layout-flow\">\n<h1 class=\"wp-block-heading\">UV GUARD O\u00dc<\/h1>\n\n\n\n<p>Ettev\u00f5tte on s\u00fcndinud 2022. aasta s\u00fcgisel.<br>Just siis alustasime UV-kaitsekilede ruloode v\u00e4lja t\u00f6\u00f6tamist John Deere traktoritele. Tarnisime parima kaitsekile Saksamaalt ning t\u00f6\u00f6tasime v\u00e4lja erinevad ruloode paketid enimm\u00fc\u00fcdud John Deere traktoritele Eestis.<\/p>\n\n\n\n<p>UV Guard O\u00dc<br>Reg nr\u00a016613228<br>VAT nr EE102571165<br><\/p>\n\n\n\n<p><strong>Tel +372 502 5346 I <a href=\"mailto:info@uvguard.ee\">info@uvguard.ee<\/a><\/strong><\/p>\n<\/div>\n\n\n\n<div class=\"wp-block-column is-layout-flow wp-block-column-is-layout-flow\"><div class=\"wp-block-image\">\n<figure class=\"aligncenter size-large is-resized\"><img loading=\"lazy\" decoding=\"async\" width=\"880\" height=\"1024\" src=\"https:\/\/uvguard.ee\/wp-content\/uploads\/2023\/03\/UV-Guard_ikoon_RGB_kollane-880x1024.png\" alt=\"\" class=\"wp-image-894\" style=\"width:350px;height:406px\" srcset=\"https:\/\/uvguard.ee\/wp-content\/uploads\/2023\/03\/UV-Guard_ikoon_RGB_kollane-880x1024.png 880w, https:\/\/uvguard.ee\/wp-content\/uploads\/2023\/03\/UV-Guard_ikoon_RGB_kollane-258x300.png 258w, https:\/\/uvguard.ee\/wp-content\/uploads\/2023\/03\/UV-Guard_ikoon_RGB_kollane-768x894.png 768w, https:\/\/uvguard.ee\/wp-content\/uploads\/2023\/03\/UV-Guard_ikoon_RGB_kollane-1320x1536.png 1320w, https:\/\/uvguard.ee\/wp-content\/uploads\/2023\/03\/UV-Guard_ikoon_RGB_kollane.png 1500w\" sizes=\"auto, (max-width: 880px) 100vw, 880px\" \/><\/figure>\n<\/div><\/div>\n<\/div>\n\n\n\n<div style=\"height:100px\" aria-hidden=\"true\" class=\"wp-block-spacer\"><\/div>\n<\/div><\/div>\n\n\n\n<div style=\"height:100px\" aria-hidden=\"true\" class=\"wp-block-spacer\"><\/div>\n\n\n\n<div class=\"wp-block-columns is-layout-flex wp-container-core-columns-is-layout-9d6595d7 wp-block-columns-is-layout-flex\">\n<div class=\"wp-block-column is-layout-flow wp-block-column-is-layout-flow\">\n<figure class=\"wp-block-image size-full\"><img loading=\"lazy\" decoding=\"async\" width=\"1024\" height=\"768\" src=\"https:\/\/uvguard.ee\/wp-content\/uploads\/2023\/04\/kaarel-tammann3.png\" alt=\"\" class=\"wp-image-1191\" srcset=\"https:\/\/uvguard.ee\/wp-content\/uploads\/2023\/04\/kaarel-tammann3.png 1024w, https:\/\/uvguard.ee\/wp-content\/uploads\/2023\/04\/kaarel-tammann3-300x225.png 300w, https:\/\/uvguard.ee\/wp-content\/uploads\/2023\/04\/kaarel-tammann3-768x576.png 768w\" sizes=\"auto, (max-width: 1024px) 100vw, 1024px\" \/><\/figure>\n<\/div>\n\n\n\n<div class=\"wp-block-column is-layout-flow wp-block-column-is-layout-flow\">\n<h1 class=\"wp-block-heading\">Kaarel Tammann<\/h1>\n\n\n\n<div class=\"wp-block-group is-vertical is-layout-flex wp-container-core-group-is-layout-8cf370e7 wp-block-group-is-layout-flex\">\n<p>Mina tean, mida t\u00e4hendab t\u00f6\u00f6tada pikki p\u00e4evi eredas p\u00e4ikesevalguses ja milline luksus on t\u00f6\u00f6tada p\u00e4ikesekaitsekiledega varustatud kabiinis. Need kaks t\u00f6\u00f6kogemust on nagu \u00f6\u00f6 ja p\u00e4ev.<\/p>\n\n\n\n<p>Kui soovid ka oma t\u00f6\u00f6kogemuse standardi viia uuele, k\u00f5rgema efektiivsuse tasemele, siis mina aitan sul kaardistada sinu tehnika ruloode vajadused, teen hinnapakkumise ja lepin kokku paigaldamise aja.<\/p>\n<\/div>\n<\/div>\n<\/div>\n\n\n\n<div style=\"height:100px\" aria-hidden=\"true\" class=\"wp-block-spacer\"><\/div>\n\n\n\n<div style=\"height:100px\" aria-hidden=\"true\" class=\"wp-block-spacer\"><\/div>\n\n\n\n<div class=\"wp-block-cover alignfull\" style=\"min-height:300px;aspect-ratio:unset;\"><span aria-hidden=\"true\" class=\"wp-block-cover__background has-nv-dark-bg-background-color has-background-dim-100 has-background-dim\"><\/span><div class=\"wp-block-cover__inner-container is-layout-flow wp-block-cover-is-layout-flow\">\n<h2 class=\"wp-block-heading has-text-align-center has-nv-text-dark-bg-color has-text-color\">Teeme sinu t\u00f6\u00f6p\u00e4eva nauditavaks<\/h2>\n\n\n\n<p class=\"has-text-align-center\">Kas teadsid, et inimese t\u00f6\u00f6j\u00f5udlus v\u00e4heneb m\u00e4rgatavalt eredas p\u00e4ikesevalguses ja tekitab t\u00f5siseid terviseriske?<\/p>\n\n\n\n<div class=\"wp-block-buttons is-horizontal is-content-justification-center is-layout-flex wp-container-core-buttons-is-layout-499968f5 wp-block-buttons-is-layout-flex\">\n<div class=\"wp-block-button is-style-secondary\"><a class=\"wp-block-button__link wp-element-button\" href=\"https:\/\/uvguard.ee\/teenus\/\">LOE EDASI<\/a><\/div>\n<\/div>\n<\/div><\/div>\n\n\n\n<footer class=\"wp-block-cover alignfull\" style=\"min-height:256px;aspect-ratio:unset;\"><span aria-hidden=\"true\" class=\"wp-block-cover__background has-nv-dark-bg-background-color has-background-dim-100 has-background-dim\"><\/span><div class=\"wp-block-cover__inner-container is-layout-flow wp-block-cover-is-layout-flow\">\n<p><\/p>\n\n\n\n<div class=\"wp-block-group\"><div class=\"wp-block-group__inner-container is-layout-constrained wp-block-group-is-layout-constrained\">\n<div class=\"wp-block-columns is-layout-flex wp-container-core-columns-is-layout-9d6595d7 wp-block-columns-is-layout-flex\">\n<div class=\"wp-block-column is-layout-flow wp-block-column-is-layout-flow\">\n<p>UV GUARD O\u00dc \u00a9 2023<br>REG: 16613228<br>VAT: EE102571165<br><\/p>\n<\/div>\n\n\n\n<div class=\"wp-block-column is-layout-flow wp-block-column-is-layout-flow\">\n<p>KONTAKT:<br>EMAIL: <strong><a href=\"mailto:info@uvguard.ee\">info@uvguard.ee<\/a><\/strong><br>TEL: +372 502 5346<\/p>\n<\/div>\n\n\n\n<div class=\"wp-block-column is-layout-flow wp-block-column-is-layout-flow\">\n<p><\/p>\n<\/div>\n<\/div>\n<\/div><\/div>\n<\/div><\/footer>\n\n\n\n<p><\/p>\n","protected":false},"excerpt":{"rendered":"<p>Kaarel Tammann Mina tean, mida t\u00e4hendab t\u00f6\u00f6tada pikki p\u00e4evi eredas p\u00e4ikesevalguses ja milline luksus on t\u00f6\u00f6tada p\u00e4ikesekaitsekiledega varustatud kabiinis. Need kaks t\u00f6\u00f6kogemust on nagu \u00f6\u00f6 ja p\u00e4ev. Kui soovid ka oma t\u00f6\u00f6kogemuse standardi viia uuele, k\u00f5rgema efektiivsuse tasemele, siis mina aitan sul kaardistada sinu tehnika ruloode vajadused, teen hinnapakkumise ja lepin kokku paigaldamise aja.<\/p>\n","protected":false},"author":1,"featured_media":0,"parent":0,"menu_order":0,"comment_status":"closed","ping_status":"closed","template":"","meta":{"neve_meta_sidebar":"default","neve_meta_container":"","neve_meta_enable_content_width":"on","neve_meta_content_width":100,"neve_meta_title_alignment":"","neve_meta_author_avatar":"","neve_post_elements_order":"","neve_meta_disable_header":"","neve_meta_disable_footer":"","neve_meta_disable_title":"on","_themeisle_gutenberg_block_has_review":false,"footnotes":""},"class_list":["post-71","page","type-page","status-publish","hentry"],"_links":{"self":[{"href":"https:\/\/uvguard.ee\/et\/wp-json\/wp\/v2\/pages\/71","targetHints":{"allow":["GET"]}}],"collection":[{"href":"https:\/\/uvguard.ee\/et\/wp-json\/wp\/v2\/pages"}],"about":[{"href":"https:\/\/uvguard.ee\/et\/wp-json\/wp\/v2\/types\/page"}],"author":[{"embeddable":true,"href":"https:\/\/uvguard.ee\/et\/wp-json\/wp\/v2\/users\/1"}],"replies":[{"embeddable":true,"href":"https:\/\/uvguard.ee\/et\/wp-json\/wp\/v2\/comments?post=71"}],"version-history":[{"count":64,"href":"https:\/\/uvguard.ee\/et\/wp-json\/wp\/v2\/pages\/71\/revisions"}],"predecessor-version":[{"id":1244,"href":"https:\/\/uvguard.ee\/et\/wp-json\/wp\/v2\/pages\/71\/revisions\/1244"}],"wp:attachment":[{"href":"https:\/\/uvguard.ee\/et\/wp-json\/wp\/v2\/media?parent=71"}],"curies":[{"name":"wp","href":"https:\/\/api.w.org\/{rel}","templated":true}]}}