{"id":413,"date":"2023-03-07T17:20:27","date_gmt":"2023-03-07T15:20:27","guid":{"rendered":"https:\/\/uvguard.ee\/?page_id=413"},"modified":"2025-03-02T22:20:53","modified_gmt":"2025-03-02T20:20:53","slug":"avaleht","status":"publish","type":"page","link":"https:\/\/uvguard.ee\/et\/","title":{"rendered":""},"content":{"rendered":"\n<div class=\"wp-block-cover alignfull is-light has-small-font-size\" style=\"min-height:100vh;aspect-ratio:unset;\"><span aria-hidden=\"true\" class=\"wp-block-cover__background has-background-dim-0 has-background-dim\"><\/span><img loading=\"lazy\" decoding=\"async\" width=\"2000\" height=\"1333\" class=\"wp-block-cover__image-background wp-image-418\" alt=\"\" src=\"https:\/\/uvguard.ee\/wp-content\/uploads\/2023\/03\/r2g035269_LSC-3.jpg\" data-object-fit=\"cover\" srcset=\"https:\/\/uvguard.ee\/wp-content\/uploads\/2023\/03\/r2g035269_LSC-3.jpg 2000w, https:\/\/uvguard.ee\/wp-content\/uploads\/2023\/03\/r2g035269_LSC-3-300x200.jpg 300w, https:\/\/uvguard.ee\/wp-content\/uploads\/2023\/03\/r2g035269_LSC-3-1024x682.jpg 1024w, https:\/\/uvguard.ee\/wp-content\/uploads\/2023\/03\/r2g035269_LSC-3-768x512.jpg 768w, https:\/\/uvguard.ee\/wp-content\/uploads\/2023\/03\/r2g035269_LSC-3-1536x1024.jpg 1536w, https:\/\/uvguard.ee\/wp-content\/uploads\/2023\/03\/r2g035269_LSC-3-930x620.jpg 930w\" sizes=\"auto, (max-width: 2000px) 100vw, 2000px\" \/><div class=\"wp-block-cover__inner-container is-layout-flow wp-block-cover-is-layout-flow\">\n<p class=\"has-text-align-center has-large-font-size\"><\/p>\n<\/div><\/div>\n\n\n\n<div style=\"height:100px\" aria-hidden=\"true\" class=\"wp-block-spacer\"><\/div>\n\n\n\n<h1 id=\"wp-block-themeisle-blocks-advanced-heading-68a286c1\" class=\"wp-block-themeisle-blocks-advanced-heading wp-block-themeisle-blocks-advanced-heading-68a286c1\">MEIE KAITSEME SIND<br>UV-KIIRGUSE EEST. <\/h1>\n\n\n\n<p>Valmistame sinu tehnikale; traktorile, kombainile, laadurile v\u00f5i metsamasinale p\u00e4ikesekaitsekilega ruloo, mis kaitseb sinu silmi, t\u00f6\u00f6j\u00f5udlust ja tagab hea enesetunde. Kasutame oma ruloodes k\u00f5rgekvaliteetset Multifilmi p\u00e4ikesekaitsekilet, mis t\u00f5rjub kuni 99% UV-kiirgusest ja kuni 78% p\u00e4ikese soojusenergiast.<\/p>\n\n\n\n<div class=\"wp-block-buttons is-layout-flex wp-block-buttons-is-layout-flex\">\n<div class=\"wp-block-button is-style-primary\"><a class=\"wp-block-button__link wp-element-button\" href=\"https:\/\/uvguard.ee\/teenus\/\">LOE EDASI<\/a><\/div>\n<\/div>\n\n\n\n<div style=\"height:100px\" aria-hidden=\"true\" class=\"wp-block-spacer\"><\/div>\n\n\n\n<div class=\"wp-block-columns is-layout-flex wp-container-core-columns-is-layout-9d6595d7 wp-block-columns-is-layout-flex\">\n<div class=\"wp-block-column is-layout-flow wp-block-column-is-layout-flow\">\n<h2 id=\"wp-block-themeisle-blocks-advanced-heading-c097c92b\" class=\"wp-block-themeisle-blocks-advanced-heading wp-block-themeisle-blocks-advanced-heading-c097c92b\">V\u00d5TA MEIEGA \u00dcHENDUST<\/h2>\n<\/div>\n\n\n\n<div class=\"wp-block-column is-layout-flow wp-block-column-is-layout-flow\">\n<div id=\"wp-block-themeisle-blocks-form-a80a95fc\" class=\"wp-block-themeisle-blocks-form\" data-option-name=\"bf9b28ff82ce323187abc5d0feb0d8f07ecd8436_a80a95fc\"><form class=\"otter-form__container\">\n<div id=\"wp-block-themeisle-blocks-form-input-be6bb8a5\" class=\"wp-block-themeisle-blocks-form-input\"><label for=\"wp-block-themeisle-blocks-form-input-be6bb8a5-input\" class=\"otter-form-input-label\"><span class=\"otter-form-input-label__label\">Nimi<\/span><span class=\"required\">*<\/span><\/label><input type=\"text\" id=\"wp-block-themeisle-blocks-form-input-be6bb8a5-input\" required class=\"otter-form-input\"\/><\/div>\n\n\n\n<div id=\"wp-block-themeisle-blocks-form-input-373778c8\" class=\"wp-block-themeisle-blocks-form-input\"><label for=\"wp-block-themeisle-blocks-form-input-373778c8-input\" class=\"otter-form-input-label\"><span class=\"otter-form-input-label__label\">E-aadress<\/span><span class=\"required\">*<\/span><\/label><input type=\"email\" id=\"wp-block-themeisle-blocks-form-input-373778c8-input\" required class=\"otter-form-input\"\/><\/div>\n\n\n<div class=\"protection\" aria-hidden=\"true\"><input type=\"hidden\" id=\"wp-block-themeisle-blocks-form-a80a95fc_nonce_field\" name=\"wp-block-themeisle-blocks-form-a80a95fc_nonce_field\" value=\"077c6c84c0\" \/><input type=\"hidden\" name=\"_wp_http_referer\" value=\"\/et\/wp-json\/wp\/v2\/pages\/413\" \/><input class=\"o-anti-bot\" type=\"checkbox\"><\/div>\n\n\n<div id=\"wp-block-themeisle-blocks-form-textarea-093d2d5e\" class=\"wp-block-themeisle-blocks-form-textarea\"><label for=\"wp-block-themeisle-blocks-form-textarea-093d2d5e-input\" class=\"otter-form-textarea-label\"><span class=\"otter-form-textarea-label__label\">S\u00f5num<\/span><span class=\"required\">*<\/span><\/label><textarea id=\"wp-block-themeisle-blocks-form-textarea-093d2d5e-input\" required rows=\"10\" class=\"otter-form-textarea-input\"><\/textarea><\/div>\n\n\n\n<p class=\"has-extra-small-font-size\">Saates meile selle vormi n\u00f5ustute saama meilt e-kirju ja m\u00f5istate, et teie kontaktandmeid s\u00e4ilitatakse meie juures.<\/p>\n<div class=\"wp-block-button\"><button class=\"wp-block-button__link\" type=\"submit\">SAADA<\/button><\/div><\/form><\/div>\n<\/div>\n<\/div>\n\n\n\n<footer class=\"wp-block-cover alignfull\" style=\"min-height:256px;aspect-ratio:unset;\"><span aria-hidden=\"true\" class=\"wp-block-cover__background has-nv-dark-bg-background-color has-background-dim-100 has-background-dim\"><\/span><div class=\"wp-block-cover__inner-container is-layout-flow wp-block-cover-is-layout-flow\">\n<p><\/p>\n\n\n\n<div class=\"wp-block-group\"><div class=\"wp-block-group__inner-container is-layout-constrained wp-block-group-is-layout-constrained\">\n<div class=\"wp-block-columns is-layout-flex wp-container-core-columns-is-layout-9d6595d7 wp-block-columns-is-layout-flex\">\n<div class=\"wp-block-column is-layout-flow wp-block-column-is-layout-flow\">\n<p>UV GUARD O\u00dc \u00a9 2023<br>REG: 16613228<br>VAT: EE102571165<br><\/p>\n<\/div>\n\n\n\n<div class=\"wp-block-column is-layout-flow wp-block-column-is-layout-flow\">\n<p>KONTAKT:<br>EMAIL: <strong><a href=\"mailto:info@uvguard.ee\">info@uvguard.ee<\/a><\/strong><br>TEL: +372 502 5346<\/p>\n<\/div>\n\n\n\n<div class=\"wp-block-column is-layout-flow wp-block-column-is-layout-flow\">\n<p><\/p>\n<\/div>\n<\/div>\n<\/div><\/div>\n<\/div><\/footer>\n","protected":false},"excerpt":{"rendered":"<p>Valmistame sinu tehnikale; traktorile, kombainile, laadurile v\u00f5i metsamasinale p\u00e4ikesekaitsekilega ruloo, mis kaitseb sinu silmi, t\u00f6\u00f6j\u00f5udlust ja tagab hea enesetunde. Kasutame oma ruloodes k\u00f5rgekvaliteetset Multifilmi p\u00e4ikesekaitsekilet, mis t\u00f5rjub kuni 99% UV-kiirgusest ja kuni 78% p\u00e4ikese soojusenergiast.<\/p>\n","protected":false},"author":1,"featured_media":678,"parent":0,"menu_order":0,"comment_status":"closed","ping_status":"closed","template":"","meta":{"neve_meta_sidebar":"","neve_meta_container":"","neve_meta_enable_content_width":"","neve_meta_content_width":0,"neve_meta_title_alignment":"","neve_meta_author_avatar":"","neve_post_elements_order":"","neve_meta_disable_header":"","neve_meta_disable_footer":"","neve_meta_disable_title":"","_themeisle_gutenberg_block_has_review":false,"footnotes":""},"class_list":["post-413","page","type-page","status-publish","has-post-thumbnail","hentry"],"_links":{"self":[{"href":"https:\/\/uvguard.ee\/et\/wp-json\/wp\/v2\/pages\/413","targetHints":{"allow":["GET"]}}],"collection":[{"href":"https:\/\/uvguard.ee\/et\/wp-json\/wp\/v2\/pages"}],"about":[{"href":"https:\/\/uvguard.ee\/et\/wp-json\/wp\/v2\/types\/page"}],"author":[{"embeddable":true,"href":"https:\/\/uvguard.ee\/et\/wp-json\/wp\/v2\/users\/1"}],"replies":[{"embeddable":true,"href":"https:\/\/uvguard.ee\/et\/wp-json\/wp\/v2\/comments?post=413"}],"version-history":[{"count":88,"href":"https:\/\/uvguard.ee\/et\/wp-json\/wp\/v2\/pages\/413\/revisions"}],"predecessor-version":[{"id":1240,"href":"https:\/\/uvguard.ee\/et\/wp-json\/wp\/v2\/pages\/413\/revisions\/1240"}],"wp:featuredmedia":[{"embeddable":true,"href":"https:\/\/uvguard.ee\/et\/wp-json\/wp\/v2\/media\/678"}],"wp:attachment":[{"href":"https:\/\/uvguard.ee\/et\/wp-json\/wp\/v2\/media?parent=413"}],"curies":[{"name":"wp","href":"https:\/\/api.w.org\/{rel}","templated":true}]}}