{"id":308,"date":"2020-01-13T11:17:52","date_gmt":"2020-01-13T09:17:52","guid":{"rendered":"https:\/\/demosites.io\/web-agency-gb\/?page_id=5"},"modified":"2025-03-02T22:21:28","modified_gmt":"2025-03-02T20:21:28","slug":"teenus","status":"publish","type":"page","link":"https:\/\/uvguard.ee\/et\/teenus\/","title":{"rendered":"Teenus"},"content":{"rendered":"\n<div class=\"wp-block-cover alignfull is-light\" style=\"min-height:430px;aspect-ratio:unset;\"><span aria-hidden=\"true\" class=\"wp-block-cover__background has-background-dim-0 has-background-dim\"><\/span><img loading=\"lazy\" decoding=\"async\" width=\"2000\" height=\"1333\" class=\"wp-block-cover__image-background wp-image-404\" alt=\"\" src=\"https:\/\/uvguard.ee\/wp-content\/uploads\/2023\/03\/r2g035269_LSC-1.jpg\" data-object-fit=\"cover\" srcset=\"https:\/\/uvguard.ee\/wp-content\/uploads\/2023\/03\/r2g035269_LSC-1.jpg 2000w, https:\/\/uvguard.ee\/wp-content\/uploads\/2023\/03\/r2g035269_LSC-1-300x200.jpg 300w, https:\/\/uvguard.ee\/wp-content\/uploads\/2023\/03\/r2g035269_LSC-1-1024x682.jpg 1024w, https:\/\/uvguard.ee\/wp-content\/uploads\/2023\/03\/r2g035269_LSC-1-768x512.jpg 768w, https:\/\/uvguard.ee\/wp-content\/uploads\/2023\/03\/r2g035269_LSC-1-1536x1024.jpg 1536w, https:\/\/uvguard.ee\/wp-content\/uploads\/2023\/03\/r2g035269_LSC-1-930x620.jpg 930w\" sizes=\"auto, (max-width: 2000px) 100vw, 2000px\" \/><div class=\"wp-block-cover__inner-container is-layout-flow wp-block-cover-is-layout-flow\">\n<p class=\"has-text-align-center has-large-font-size\"><\/p>\n<\/div><\/div>\n\n\n\n<div style=\"height:100px\" aria-hidden=\"true\" class=\"wp-block-spacer\"><\/div>\n\n\n\n<div class=\"wp-block-columns is-layout-flex wp-container-core-columns-is-layout-9d6595d7 wp-block-columns-is-layout-flex\">\n<div class=\"wp-block-column is-layout-flow wp-block-column-is-layout-flow\">\n<h2 class=\"wp-block-heading\">MEIE KAITSEME SIND UV-KIIRGUSE EEST.<\/h2>\n\n\n\n<p>Valmistame sinu tehnikale; traktorile, kombainile, laadurile v\u00f5i metsamasinale p\u00e4ikesekaitsekilega ruloo, mis kaitseb sinu silmi, t\u00f6\u00f6j\u00f5udlust ja tagab hea enesetunde. Kasutame oma ruloonides k\u00f5rgekvaliteetset Multifilmi p\u00e4ikesekaitsekilet, mis t\u00f5rjub kuni 99% UV-kiirgusest ja kuni 78% p\u00e4ikese soojusenergiast.<br><br>Kaitsekile ei takista sul masinast v\u00e4lja vaadata &#8211; hoopis vastupidi! N\u00fc\u00fcd saad ereda p\u00e4iksevalguse k\u00e4es ilma silmi kissitamata v\u00f5i p\u00e4ikeseprille kasutamata mugavalt t\u00f6\u00f6d teha. Ka ekraani ja nurgaposti ekraani seadistamine ja j\u00e4lgimine on n\u00fc\u00fcd ilma p\u00e4ikesepeegelduseta mugavam.<\/p>\n\n\n\n<p>Peegelkile peamine eesm\u00e4rk on kaitsta sind p\u00e4ikese, soojusenergia ja UV-kiirguse eest ning v\u00e4ltida sisustuse pleekimist.&nbsp;<\/p>\n\n\n\n<p>M\u00f5isted ultraviolettvalgus ja UV t\u00e4histavad suhteliselt suurt lainepikkuste vahemikku 100-400 nanomeetri (nm) vahel. See j\u00e4\u00e4b n\u00e4htava valguse ja elektromagnetilise spektri r\u00f6ntgenkiirte vahele. UV-d nimetatakse s\u00f5ltuvalt selle lainepikkusest l\u00e4hiultraviolettkiirguseks (UVA), keskultraviolettkiirguseks (UVB) ja kaugultraviolettkiirguseks (UVC). Maa atmosf\u00e4\u00e4r neelab UVC t\u00e4ielikult, seega ei kujuta see tervisele ohtu.<\/p>\n<\/div>\n\n\n\n<div class=\"wp-block-column is-layout-flow wp-block-column-is-layout-flow\">\n<figure class=\"wp-block-image size-large\"><img loading=\"lazy\" decoding=\"async\" width=\"1024\" height=\"576\" src=\"https:\/\/uvguard.ee\/wp-content\/uploads\/2023\/03\/R2C004003_LSC-edited-1024x576.jpg\" alt=\"\" class=\"wp-image-665\" srcset=\"https:\/\/uvguard.ee\/wp-content\/uploads\/2023\/03\/R2C004003_LSC-edited-1024x576.jpg 1024w, https:\/\/uvguard.ee\/wp-content\/uploads\/2023\/03\/R2C004003_LSC-edited-300x169.jpg 300w, https:\/\/uvguard.ee\/wp-content\/uploads\/2023\/03\/R2C004003_LSC-edited-768x432.jpg 768w, https:\/\/uvguard.ee\/wp-content\/uploads\/2023\/03\/R2C004003_LSC-edited-1536x864.jpg 1536w, https:\/\/uvguard.ee\/wp-content\/uploads\/2023\/03\/R2C004003_LSC-edited.jpg 2000w\" sizes=\"auto, (max-width: 1024px) 100vw, 1024px\" \/><figcaption class=\"wp-element-caption\">Vaade kabiinist ilma p\u00e4ikesekaitsekile ruloodeta.<\/figcaption><\/figure>\n\n\n\n<figure class=\"wp-block-image size-large\"><img loading=\"lazy\" decoding=\"async\" width=\"1024\" height=\"708\" src=\"https:\/\/uvguard.ee\/wp-content\/uploads\/2023\/04\/aken-kilega-1024x708.jpg\" alt=\"\" class=\"wp-image-1213\" srcset=\"https:\/\/uvguard.ee\/wp-content\/uploads\/2023\/04\/aken-kilega-1024x708.jpg 1024w, https:\/\/uvguard.ee\/wp-content\/uploads\/2023\/04\/aken-kilega-300x207.jpg 300w, https:\/\/uvguard.ee\/wp-content\/uploads\/2023\/04\/aken-kilega-768x531.jpg 768w, https:\/\/uvguard.ee\/wp-content\/uploads\/2023\/04\/aken-kilega-1536x1062.jpg 1536w, https:\/\/uvguard.ee\/wp-content\/uploads\/2023\/04\/aken-kilega.jpg 2000w\" sizes=\"auto, (max-width: 1024px) 100vw, 1024px\" \/><figcaption class=\"wp-element-caption\">Vaade kabiinist paigaldatud p\u00e4ikesekaitsekile ruloodega.<\/figcaption><\/figure>\n<\/div>\n<\/div>\n\n\n\n<div class=\"wp-block-columns is-layout-flex wp-container-core-columns-is-layout-9d6595d7 wp-block-columns-is-layout-flex\">\n<div class=\"wp-block-column is-layout-flow wp-block-column-is-layout-flow\">\n<h3 class=\"wp-block-heading\">Kui palju UV-kiirgust filtreerib klaas?<\/h3>\n\n\n\n<p>L\u00e4bipaistev klaas neelab peaaegu kogu UVB-kiirguse. See on lainepikkuste vahemik, mis v\u00f5ib p\u00f5hjustada p\u00e4ikesep\u00f5letust, nii et on t\u00f5si, et p\u00e4ikesep\u00f5letust ei saa l\u00e4bi klaasi. Kuid UVA on n\u00e4htavale spektrile palju l\u00e4hemal kui UVB. Ligikaudu 75 protsenti UVA-st l\u00e4bib tavalist klaasi. UVA p\u00f5hjustab nahakahjustusi ja geneetilisi mutatsioone, mis v\u00f5ivad viia v\u00e4hini. Klaas ei kaitse teid p\u00e4ikesekahjustuste eest. See m\u00f5jutab ka toataimi.<\/p>\n\n\n\n<p>UV kiirgus ise-enesest ei n\u00e4i ohtlik, kuid selle \u00fcledoseerimise tagaj\u00e4rjeks v\u00f5ib olla naha enneaegne vananemine, kuivamine, kortsude tekkimine ja oht haigestuda nahav\u00e4hki. Tavaline klaas ei kaitse sind UV-kiirguse eest. P\u00e4ikeselise ilmaga on kaitsekile rulood lihtne aknale ette t\u00f5mmata ja oledki kahjuliku kiirguse eest kaitstud.<\/p>\n\n\n\n<p><\/p>\n<\/div>\n\n\n\n<div class=\"wp-block-column is-layout-flow wp-block-column-is-layout-flow\">\n<h3 class=\"wp-block-heading\"><\/h3>\n<\/div>\n<\/div>\n\n\n\n<div style=\"height:100px\" aria-hidden=\"true\" class=\"wp-block-spacer\"><\/div>\n\n\n\n<div class=\"wp-block-cover alignfull\" style=\"min-height:600px;aspect-ratio:unset;\"><span aria-hidden=\"true\" class=\"wp-block-cover__background has-nv-dark-bg-background-color has-background-dim-100 has-background-dim\"><\/span><div class=\"wp-block-cover__inner-container is-layout-flow wp-block-cover-is-layout-flow\">\n<h2 class=\"wp-block-heading has-text-align-center has-nv-text-dark-bg-color has-text-color\">Teeme sinu t\u00f6\u00f6p\u00e4eva nauditavaks<\/h2>\n\n\n\n<p class=\"has-text-align-center\">Paigaldame liigse UV-kiirguse peatamiseks sinu masinale p\u00e4ikesekaitse rulood.<\/p>\n\n\n\n<div class=\"wp-block-buttons is-horizontal is-content-justification-center is-layout-flex wp-container-core-buttons-is-layout-499968f5 wp-block-buttons-is-layout-flex\">\n<div class=\"wp-block-button is-style-secondary\"><a class=\"wp-block-button__link wp-element-button\" href=\"https:\/\/uvguard.ee\/kusi-pakkumist\/\">K\u00dcSI PAKKUMIST<\/a><\/div>\n<\/div>\n<\/div><\/div>\n\n\n\n<footer class=\"wp-block-cover alignfull\" style=\"min-height:256px;aspect-ratio:unset;\"><span aria-hidden=\"true\" class=\"wp-block-cover__background has-nv-dark-bg-background-color has-background-dim-100 has-background-dim\"><\/span><div class=\"wp-block-cover__inner-container is-layout-flow wp-block-cover-is-layout-flow\">\n<p><\/p>\n\n\n\n<div class=\"wp-block-group\"><div class=\"wp-block-group__inner-container is-layout-constrained wp-block-group-is-layout-constrained\">\n<div class=\"wp-block-columns is-layout-flex wp-container-core-columns-is-layout-9d6595d7 wp-block-columns-is-layout-flex\">\n<div class=\"wp-block-column is-layout-flow wp-block-column-is-layout-flow\">\n<p>UV GUARD O\u00dc \u00a9 2023<br>REG: 16613228<br>VAT: EE102571165<br><\/p>\n<\/div>\n\n\n\n<div class=\"wp-block-column is-layout-flow wp-block-column-is-layout-flow\">\n<p>KONTAKT:<br>EMAIL: <strong><a href=\"mailto:info@uvguard.ee\">info@uvguard.ee<\/a><\/strong><br>TEL: +372 502 5346<\/p>\n<\/div>\n\n\n\n<div class=\"wp-block-column is-layout-flow wp-block-column-is-layout-flow\">\n<p><\/p>\n<\/div>\n<\/div>\n<\/div><\/div>\n<\/div><\/footer>\n","protected":false},"excerpt":{"rendered":"<p>MEIE KAITSEME SIND UV-KIIRGUSE EEST. Valmistame sinu tehnikale; traktorile, kombainile, laadurile v\u00f5i metsamasinale p\u00e4ikesekaitsekilega ruloo, mis kaitseb sinu silmi, t\u00f6\u00f6j\u00f5udlust ja tagab hea enesetunde. Kasutame oma ruloonides k\u00f5rgekvaliteetset Multifilmi p\u00e4ikesekaitsekilet, mis t\u00f5rjub kuni 99% UV-kiirgusest ja kuni 78% p\u00e4ikese soojusenergiast. Kaitsekile ei takista sul masinast v\u00e4lja vaadata &#8211; hoopis vastupidi! N\u00fc\u00fcd saad ereda p\u00e4iksevalguse k\u00e4es&hellip;&nbsp;<a href=\"https:\/\/uvguard.ee\/et\/teenus\/\" rel=\"bookmark\">Read More &raquo;<span class=\"screen-reader-text\">Teenus<\/span><\/a><\/p>\n","protected":false},"author":1,"featured_media":0,"parent":0,"menu_order":0,"comment_status":"closed","ping_status":"closed","template":"","meta":{"neve_meta_sidebar":"default","neve_meta_container":"default","neve_meta_enable_content_width":"on","neve_meta_content_width":100,"neve_meta_title_alignment":"","neve_meta_author_avatar":"","neve_post_elements_order":"","neve_meta_disable_header":"","neve_meta_disable_footer":"","neve_meta_disable_title":"on","_themeisle_gutenberg_block_has_review":false,"footnotes":""},"class_list":["post-308","page","type-page","status-publish","hentry"],"_links":{"self":[{"href":"https:\/\/uvguard.ee\/et\/wp-json\/wp\/v2\/pages\/308","targetHints":{"allow":["GET"]}}],"collection":[{"href":"https:\/\/uvguard.ee\/et\/wp-json\/wp\/v2\/pages"}],"about":[{"href":"https:\/\/uvguard.ee\/et\/wp-json\/wp\/v2\/types\/page"}],"author":[{"embeddable":true,"href":"https:\/\/uvguard.ee\/et\/wp-json\/wp\/v2\/users\/1"}],"replies":[{"embeddable":true,"href":"https:\/\/uvguard.ee\/et\/wp-json\/wp\/v2\/comments?post=308"}],"version-history":[{"count":59,"href":"https:\/\/uvguard.ee\/et\/wp-json\/wp\/v2\/pages\/308\/revisions"}],"predecessor-version":[{"id":1241,"href":"https:\/\/uvguard.ee\/et\/wp-json\/wp\/v2\/pages\/308\/revisions\/1241"}],"wp:attachment":[{"href":"https:\/\/uvguard.ee\/et\/wp-json\/wp\/v2\/media?parent=308"}],"curies":[{"name":"wp","href":"https:\/\/api.w.org\/{rel}","templated":true}]}}